{"id":1549,"date":"2021-01-12T13:34:14","date_gmt":"2021-01-12T12:34:14","guid":{"rendered":"https:\/\/echasseurs.org\/privacy-policy\/"},"modified":"2021-06-12T17:39:53","modified_gmt":"2021-06-12T15:39:53","slug":"privacy-policy","status":"publish","type":"page","link":"https:\/\/echasseurs.org\/it\/privacy-policy\/","title":{"rendered":"Privacy Policy"},"content":{"rendered":"\t\t<div data-elementor-type=\"wp-page\" data-elementor-id=\"1549\" class=\"elementor elementor-1549 elementor-3\" data-elementor-post-type=\"page\">\n\t\t\t\t\t\t<section class=\"has_eae_slider elementor-section elementor-top-section elementor-element elementor-element-5d922707 elementor-section-boxed elementor-section-height-default elementor-section-height-default\" data-eae-slider=\"1183\" data-id=\"5d922707\" data-element_type=\"section\" data-e-type=\"section\" data-settings=\"{&quot;background_background&quot;:&quot;classic&quot;}\">\n\t\t\t\t\t\t<div class=\"elementor-container elementor-column-gap-default\">\n\t\t\t\t\t<div class=\"has_eae_slider elementor-column elementor-col-100 elementor-top-column elementor-element elementor-element-1c55cfc6\" data-eae-slider=\"8025\" data-id=\"1c55cfc6\" data-element_type=\"column\" data-e-type=\"column\" data-settings=\"{&quot;background_background&quot;:&quot;classic&quot;}\">\n\t\t\t<div class=\"elementor-widget-wrap elementor-element-populated\">\n\t\t\t\t\t\t<div class=\"elementor-element elementor-element-1db647e0 elementor-widget elementor-widget-spacer\" data-id=\"1db647e0\" data-element_type=\"widget\" data-e-type=\"widget\" data-widget_type=\"spacer.default\">\n\t\t\t\t<div class=\"elementor-widget-container\">\n\t\t\t\t\t\t\t<div class=\"elementor-spacer\">\n\t\t\t<div class=\"elementor-spacer-inner\"><\/div>\n\t\t<\/div>\n\t\t\t\t\t\t<\/div>\n\t\t\t\t<\/div>\n\t\t\t\t<div class=\"elementor-element elementor-element-6e0b684b elementor-widget elementor-widget-heading\" data-id=\"6e0b684b\" data-element_type=\"widget\" data-e-type=\"widget\" data-widget_type=\"heading.default\">\n\t\t\t\t<div class=\"elementor-widget-container\">\n\t\t\t\t\t<h1 class=\"elementor-heading-title elementor-size-xl\">Privacy policy<\/h1>\t\t\t\t<\/div>\n\t\t\t\t<\/div>\n\t\t\t\t\t<\/div>\n\t\t<\/div>\n\t\t\t\t\t<\/div>\n\t\t<\/section>\n\t\t\t\t<section class=\"has_eae_slider elementor-section elementor-top-section elementor-element elementor-element-969036c elementor-section-stretched elementor-section-full_width elementor-section-height-default elementor-section-height-default\" data-eae-slider=\"34124\" data-id=\"969036c\" data-element_type=\"section\" data-e-type=\"section\" data-settings=\"{&quot;stretch_section&quot;:&quot;section-stretched&quot;,&quot;sticky&quot;:&quot;top&quot;,&quot;sticky_on&quot;:[&quot;desktop&quot;,&quot;tablet&quot;,&quot;mobile&quot;],&quot;sticky_offset&quot;:0,&quot;sticky_effects_offset&quot;:0,&quot;sticky_anchor_link_offset&quot;:0}\">\n\t\t\t\t\t\t<div class=\"elementor-container elementor-column-gap-no\">\n\t\t\t\t\t<div class=\"has_eae_slider elementor-column elementor-col-100 elementor-top-column elementor-element elementor-element-121c3b17\" data-eae-slider=\"26755\" data-id=\"121c3b17\" data-element_type=\"column\" data-e-type=\"column\" data-settings=\"{&quot;background_background&quot;:&quot;classic&quot;}\">\n\t\t\t<div class=\"elementor-widget-wrap elementor-element-populated\">\n\t\t\t\t\t\t<div class=\"elementor-element elementor-element-46b0158f elementor-widget__width-inherit elementor-widget-divider--view-line elementor-widget elementor-widget-divider\" data-id=\"46b0158f\" data-element_type=\"widget\" data-e-type=\"widget\" data-widget_type=\"divider.default\">\n\t\t\t\t<div class=\"elementor-widget-container\">\n\t\t\t\t\t\t\t<div class=\"elementor-divider\">\n\t\t\t<span class=\"elementor-divider-separator\">\n\t\t\t\t\t\t<\/span>\n\t\t<\/div>\n\t\t\t\t\t\t<\/div>\n\t\t\t\t<\/div>\n\t\t\t\t<div class=\"elementor-element elementor-element-74375bd3 elementor-nav-menu__align-end elementor-nav-menu--dropdown-tablet elementor-nav-menu__text-align-aside elementor-nav-menu--toggle elementor-nav-menu--burger elementor-widget elementor-widget-nav-menu\" data-id=\"74375bd3\" data-element_type=\"widget\" data-e-type=\"widget\" data-settings=\"{&quot;layout&quot;:&quot;horizontal&quot;,&quot;submenu_icon&quot;:{&quot;value&quot;:&quot;&lt;i class=\\&quot;fas fa-caret-down\\&quot; aria-hidden=\\&quot;true\\&quot;&gt;&lt;\\\/i&gt;&quot;,&quot;library&quot;:&quot;fa-solid&quot;},&quot;toggle&quot;:&quot;burger&quot;}\" data-widget_type=\"nav-menu.default\">\n\t\t\t\t<div class=\"elementor-widget-container\">\n\t\t\t\t\t\t\t\t<nav aria-label=\"Menu\" class=\"elementor-nav-menu--main elementor-nav-menu__container elementor-nav-menu--layout-horizontal e--pointer-background e--animation-fade\">\n\t\t\t\t<ul id=\"menu-1-74375bd3\" class=\"elementor-nav-menu\"><li class=\"menu-item menu-item-type-post_type menu-item-object-page menu-item-home menu-item-1635\"><a href=\"https:\/\/echasseurs.org\/it\/\" class=\"elementor-item\">Homepage<\/a><\/li>\n<li class=\"menu-item menu-item-type-post_type menu-item-object-page menu-item-1637\"><a href=\"https:\/\/echasseurs.org\/it\/giostra-dei-trampolieri-di-namur\/\" class=\"elementor-item\">Scoprire<\/a><\/li>\n<li class=\"menu-item menu-item-type-post_type menu-item-object-page menu-item-1639\"><a href=\"https:\/\/echasseurs.org\/it\/contattaci\/\" class=\"elementor-item\">Contattaci!<\/a><\/li>\n<li class=\"menu-item menu-item-type-post_type menu-item-object-page menu-item-1640\"><a href=\"https:\/\/echasseurs.org\/it\/i-trampoli-da-combattimento-di-namur\/\" class=\"elementor-item\">I nostri trampoli<\/a><\/li>\n<li class=\"menu-item menu-item-type-post_type menu-item-object-page menu-item-1641\"><a href=\"https:\/\/echasseurs.org\/it\/il-trampolo-doro-un-momento-clou-del-folclore-di-namur-e-dei-festival-di-vallonia\/\" class=\"elementor-item\">Il trampolo d\u2019oro<\/a><\/li>\n<li class=\"menu-item menu-item-type-post_type menu-item-object-page menu-item-5297\"><a href=\"https:\/\/echasseurs.org\/it\/giostra-femminile\/\" class=\"elementor-item\">Giostra femminile<\/a><\/li>\n<li class=\"menu-item menu-item-type-post_type menu-item-object-page menu-item-5296\"><a href=\"https:\/\/echasseurs.org\/it\/le-giostre-su-trampoli-di-namur-patrimonio-culturale-immateriale-dellumanita\/\" class=\"elementor-item\">Patrimonio dell\u2019umanit\u00e0<\/a><\/li>\n<li class=\"menu-item menu-item-type-post_type menu-item-object-page menu-item-4094\"><a href=\"https:\/\/echasseurs.org\/it\/stampa\/\" class=\"elementor-item\">Stampa<\/a><\/li>\n<li class=\"menu-item wpml-ls-slot-3 wpml-ls-item wpml-ls-item-it wpml-ls-current-language wpml-ls-menu-item menu-item-type-wpml_ls_menu_item menu-item-object-wpml_ls_menu_item menu-item-has-children menu-item-wpml-ls-3-it\"><a href=\"https:\/\/echasseurs.org\/it\/\" aria-current=\"page\" aria-expanded=\"false\" aria-controls=\"wpml-ls-submenu-wpml-ls-3-it\" class=\"elementor-item\"><span class=\"wpml-ls-native\" lang=\"it\">Italiano<\/span><\/a>\n<ul class=\"sub-menu elementor-nav-menu--dropdown\">\n\t<li class=\"menu-item wpml-ls-slot-3 wpml-ls-item wpml-ls-item-fr wpml-ls-menu-item wpml-ls-first-item menu-item-type-wpml_ls_menu_item menu-item-object-wpml_ls_menu_item menu-item-wpml-ls-3-fr\"><a href=\"https:\/\/echasseurs.org\/\" title=\"Passa a Fran\u00e7ais\" aria-label=\"Passa a Fran\u00e7ais\" class=\"elementor-sub-item\"><span class=\"wpml-ls-native\" lang=\"fr\">Fran\u00e7ais<\/span><\/a><\/li>\n\t<li class=\"menu-item wpml-ls-slot-3 wpml-ls-item wpml-ls-item-en wpml-ls-menu-item menu-item-type-wpml_ls_menu_item menu-item-object-wpml_ls_menu_item menu-item-wpml-ls-3-en\"><a href=\"https:\/\/echasseurs.org\/en\/\" title=\"Passa a English\" aria-label=\"Passa a English\" class=\"elementor-sub-item\"><span class=\"wpml-ls-native\" lang=\"en\">English<\/span><\/a><\/li>\n\t<li class=\"menu-item wpml-ls-slot-3 wpml-ls-item wpml-ls-item-nl wpml-ls-menu-item menu-item-type-wpml_ls_menu_item menu-item-object-wpml_ls_menu_item menu-item-wpml-ls-3-nl\"><a href=\"https:\/\/echasseurs.org\/nl\/\" title=\"Passa a Nederlands\" aria-label=\"Passa a Nederlands\" class=\"elementor-sub-item\"><span class=\"wpml-ls-native\" lang=\"nl\">Nederlands<\/span><\/a><\/li>\n\t<li class=\"menu-item wpml-ls-slot-3 wpml-ls-item wpml-ls-item-de wpml-ls-menu-item menu-item-type-wpml_ls_menu_item menu-item-object-wpml_ls_menu_item menu-item-wpml-ls-3-de\"><a href=\"https:\/\/echasseurs.org\/de\/\" title=\"Passa a Deutsch\" aria-label=\"Passa a Deutsch\" class=\"elementor-sub-item\"><span class=\"wpml-ls-native\" lang=\"de\">Deutsch<\/span><\/a><\/li>\n\t<li class=\"menu-item wpml-ls-slot-3 wpml-ls-item wpml-ls-item-es wpml-ls-menu-item wpml-ls-last-item menu-item-type-wpml_ls_menu_item menu-item-object-wpml_ls_menu_item menu-item-wpml-ls-3-es\"><a href=\"https:\/\/echasseurs.org\/es\/\" title=\"Passa a Espa\u00f1ol\" aria-label=\"Passa a Espa\u00f1ol\" class=\"elementor-sub-item\"><span class=\"wpml-ls-native\" lang=\"es\">Espa\u00f1ol<\/span><\/a><\/li>\n<\/ul>\n<\/li>\n<\/ul>\t\t\t<\/nav>\n\t\t\t\t\t<div class=\"elementor-menu-toggle\" role=\"button\" tabindex=\"0\" aria-label=\"Menu di commutazione\" aria-expanded=\"false\">\n\t\t\t<i aria-hidden=\"true\" role=\"presentation\" class=\"elementor-menu-toggle__icon--open eicon-menu-bar\"><\/i><i aria-hidden=\"true\" role=\"presentation\" class=\"elementor-menu-toggle__icon--close eicon-close\"><\/i>\t\t<\/div>\n\t\t\t\t\t<nav class=\"elementor-nav-menu--dropdown elementor-nav-menu__container\" aria-hidden=\"true\">\n\t\t\t\t<ul id=\"menu-2-74375bd3\" class=\"elementor-nav-menu\"><li class=\"menu-item menu-item-type-post_type menu-item-object-page menu-item-home menu-item-1635\"><a href=\"https:\/\/echasseurs.org\/it\/\" class=\"elementor-item\" tabindex=\"-1\">Homepage<\/a><\/li>\n<li class=\"menu-item menu-item-type-post_type menu-item-object-page menu-item-1637\"><a href=\"https:\/\/echasseurs.org\/it\/giostra-dei-trampolieri-di-namur\/\" class=\"elementor-item\" tabindex=\"-1\">Scoprire<\/a><\/li>\n<li class=\"menu-item menu-item-type-post_type menu-item-object-page menu-item-1639\"><a href=\"https:\/\/echasseurs.org\/it\/contattaci\/\" class=\"elementor-item\" tabindex=\"-1\">Contattaci!<\/a><\/li>\n<li class=\"menu-item menu-item-type-post_type menu-item-object-page menu-item-1640\"><a href=\"https:\/\/echasseurs.org\/it\/i-trampoli-da-combattimento-di-namur\/\" class=\"elementor-item\" tabindex=\"-1\">I nostri trampoli<\/a><\/li>\n<li class=\"menu-item menu-item-type-post_type menu-item-object-page menu-item-1641\"><a href=\"https:\/\/echasseurs.org\/it\/il-trampolo-doro-un-momento-clou-del-folclore-di-namur-e-dei-festival-di-vallonia\/\" class=\"elementor-item\" tabindex=\"-1\">Il trampolo d\u2019oro<\/a><\/li>\n<li class=\"menu-item menu-item-type-post_type menu-item-object-page menu-item-5297\"><a href=\"https:\/\/echasseurs.org\/it\/giostra-femminile\/\" class=\"elementor-item\" tabindex=\"-1\">Giostra femminile<\/a><\/li>\n<li class=\"menu-item menu-item-type-post_type menu-item-object-page menu-item-5296\"><a href=\"https:\/\/echasseurs.org\/it\/le-giostre-su-trampoli-di-namur-patrimonio-culturale-immateriale-dellumanita\/\" class=\"elementor-item\" tabindex=\"-1\">Patrimonio dell\u2019umanit\u00e0<\/a><\/li>\n<li class=\"menu-item menu-item-type-post_type menu-item-object-page menu-item-4094\"><a href=\"https:\/\/echasseurs.org\/it\/stampa\/\" class=\"elementor-item\" tabindex=\"-1\">Stampa<\/a><\/li>\n<li class=\"menu-item wpml-ls-slot-3 wpml-ls-item wpml-ls-item-it wpml-ls-current-language wpml-ls-menu-item menu-item-type-wpml_ls_menu_item menu-item-object-wpml_ls_menu_item menu-item-has-children menu-item-wpml-ls-3-it\"><a href=\"https:\/\/echasseurs.org\/it\/\" aria-current=\"page\" aria-expanded=\"false\" aria-controls=\"wpml-ls-submenu-wpml-ls-3-it\" class=\"elementor-item\" tabindex=\"-1\"><span class=\"wpml-ls-native\" lang=\"it\">Italiano<\/span><\/a>\n<ul class=\"sub-menu elementor-nav-menu--dropdown\">\n\t<li class=\"menu-item wpml-ls-slot-3 wpml-ls-item wpml-ls-item-fr wpml-ls-menu-item wpml-ls-first-item menu-item-type-wpml_ls_menu_item menu-item-object-wpml_ls_menu_item menu-item-wpml-ls-3-fr\"><a href=\"https:\/\/echasseurs.org\/\" title=\"Passa a Fran\u00e7ais\" aria-label=\"Passa a Fran\u00e7ais\" class=\"elementor-sub-item\" tabindex=\"-1\"><span class=\"wpml-ls-native\" lang=\"fr\">Fran\u00e7ais<\/span><\/a><\/li>\n\t<li class=\"menu-item wpml-ls-slot-3 wpml-ls-item wpml-ls-item-en wpml-ls-menu-item menu-item-type-wpml_ls_menu_item menu-item-object-wpml_ls_menu_item menu-item-wpml-ls-3-en\"><a href=\"https:\/\/echasseurs.org\/en\/\" title=\"Passa a English\" aria-label=\"Passa a English\" class=\"elementor-sub-item\" tabindex=\"-1\"><span class=\"wpml-ls-native\" lang=\"en\">English<\/span><\/a><\/li>\n\t<li class=\"menu-item wpml-ls-slot-3 wpml-ls-item wpml-ls-item-nl wpml-ls-menu-item menu-item-type-wpml_ls_menu_item menu-item-object-wpml_ls_menu_item menu-item-wpml-ls-3-nl\"><a href=\"https:\/\/echasseurs.org\/nl\/\" title=\"Passa a Nederlands\" aria-label=\"Passa a Nederlands\" class=\"elementor-sub-item\" tabindex=\"-1\"><span class=\"wpml-ls-native\" lang=\"nl\">Nederlands<\/span><\/a><\/li>\n\t<li class=\"menu-item wpml-ls-slot-3 wpml-ls-item wpml-ls-item-de wpml-ls-menu-item menu-item-type-wpml_ls_menu_item menu-item-object-wpml_ls_menu_item menu-item-wpml-ls-3-de\"><a href=\"https:\/\/echasseurs.org\/de\/\" title=\"Passa a Deutsch\" aria-label=\"Passa a Deutsch\" class=\"elementor-sub-item\" tabindex=\"-1\"><span class=\"wpml-ls-native\" lang=\"de\">Deutsch<\/span><\/a><\/li>\n\t<li class=\"menu-item wpml-ls-slot-3 wpml-ls-item wpml-ls-item-es wpml-ls-menu-item wpml-ls-last-item menu-item-type-wpml_ls_menu_item menu-item-object-wpml_ls_menu_item menu-item-wpml-ls-3-es\"><a href=\"https:\/\/echasseurs.org\/es\/\" title=\"Passa a Espa\u00f1ol\" aria-label=\"Passa a Espa\u00f1ol\" class=\"elementor-sub-item\" tabindex=\"-1\"><span class=\"wpml-ls-native\" lang=\"es\">Espa\u00f1ol<\/span><\/a><\/li>\n<\/ul>\n<\/li>\n<\/ul>\t\t\t<\/nav>\n\t\t\t\t\t\t<\/div>\n\t\t\t\t<\/div>\n\t\t\t\t\t<\/div>\n\t\t<\/div>\n\t\t\t\t\t<\/div>\n\t\t<\/section>\n\t\t\t\t<section class=\"has_eae_slider elementor-section elementor-top-section elementor-element elementor-element-507c302a elementor-section-boxed elementor-section-height-default elementor-section-height-default\" data-eae-slider=\"85618\" data-id=\"507c302a\" data-element_type=\"section\" data-e-type=\"section\">\n\t\t\t\t\t\t<div class=\"elementor-container elementor-column-gap-default\">\n\t\t\t\t\t<div class=\"has_eae_slider elementor-column elementor-col-100 elementor-top-column elementor-element elementor-element-78505f08\" data-eae-slider=\"65595\" data-id=\"78505f08\" data-element_type=\"column\" data-e-type=\"column\">\n\t\t\t<div class=\"elementor-widget-wrap elementor-element-populated\">\n\t\t\t\t\t\t<div class=\"elementor-element elementor-element-2aba336 elementor-widget elementor-widget-text-editor\" data-id=\"2aba336\" data-element_type=\"widget\" data-e-type=\"widget\" data-widget_type=\"text-editor.default\">\n\t\t\t\t<div class=\"elementor-widget-container\">\n\t\t\t\t\t\t\t\t\t<h2>Nous sommes Les echasseurs namurois.<\/h2>\n<p>Notres site est: www.echasseurs.org.<\/p>\n<h2>Cookies<\/h2>\n<p>Un cookie est un fichier texte d\u00e9pos\u00e9 lors de la consultation d\u2019un site dans un espace sp\u00e9cifique du disque dur de votre ordinateur ou de votre appareil mobile. Les cookies sont g\u00e9r\u00e9s par votre navigateur Internet.<\/p>\n<p>Nous utilisons des cookies pour rendre votre visite sur notre site internet plus agr\u00e9able (par exemple pour enregistrer la langue dans laquelle vous pr\u00e9f\u00e9rez consulter notre site). Ces cookies ne permettent pas de vous identifier personnellement. Si vous refusez ces cookies, il est possible que le site web ne fonctionne pas de mani\u00e8re optimale.<\/p>\n<p>Nous utilisons \u00e9galement des cookies pour produire des statistiques anonymes sur l\u2019utilisation de notre site web. Celles-ci nous permettent d\u2019am\u00e9liorer notre site et de mieux comprendre quand et comment il est consult\u00e9. A ces fins nous utilisons le service Google Analytics.<\/p>\n<p>De fa\u00e7on g\u00e9n\u00e9rale, si vous souhaitez emp\u00eacher l\u2019installation de cookies, vous devez adapter les param\u00e8tres de votre navigateur internet.<\/p>\n<h3>Avec qui partageons-nous vos donn\u00e9es personnelles ?<\/h3>\n<p>Nous ne collectons aucune donn\u00e9e personnelle via ce site. Par cons\u00e9quent nous n\u2019en partageons aucune avec des tiers.<\/p>\n<h3>Combien de temps conservons-nous vos donn\u00e9es ?<\/h3>\n<p>Nous ne conservons aucune donn\u00e9e personnelle. Seules des statistiques anonymes de consultation sont conserv\u00e9es.<\/p>\n<h3>Contenus int\u00e9gr\u00e9s depuis d&#8217;autres site web<\/h3>\n<p>Sur certaines pages, ce site internet utilise des contenus int\u00e9gr\u00e9s venus d\u2019autres sites internet (Youtube, Facebook, Instagram, Pinterest). Ces contenus fonctionnent exactement de la m\u00eame fa\u00e7on que si vous consultiez ces sites ext\u00e9rieurs directement. Ces sites peuvent collecter des donn\u00e9es vous concernant selon leur propre politique d\u2019utilisation des donn\u00e9es personnelles.<\/p>\n\t\t\t\t\t\t\t\t<\/div>\n\t\t\t\t<\/div>\n\t\t\t\t\t<\/div>\n\t\t<\/div>\n\t\t\t\t\t<\/div>\n\t\t<\/section>\n\t\t\t\t<\/div>\n\t\t","protected":false},"excerpt":{"rendered":"<p>Privacy policy Nous sommes Les echasseurs namurois. Notres site est: www.echasseurs.org. Cookies Un cookie est un fichier texte d\u00e9pos\u00e9 lors de la consultation d\u2019un site dans un espace sp\u00e9cifique du disque dur de votre ordinateur ou de votre appareil mobile. Les cookies sont g\u00e9r\u00e9s par votre navigateur Internet. Nous utilisons des cookies pour rendre votre [&hellip;]<\/p>\n","protected":false},"author":2,"featured_media":0,"parent":0,"menu_order":0,"comment_status":"closed","ping_status":"open","template":"","meta":{"footnotes":""},"class_list":["post-1549","page","type-page","status-publish","hentry"],"yoast_head":"<!-- This site is optimized with the Yoast SEO plugin v27.3 - https:\/\/yoast.com\/product\/yoast-seo-wordpress\/ -->\n<title>Privacy Policy - Les Echasseurs Namurois<\/title>\n<meta name=\"description\" content=\"Politique de gestion des donn\u00e9es du site www.echasseurs.org\" \/>\n<meta name=\"robots\" content=\"index, follow, max-snippet:-1, max-image-preview:large, max-video-preview:-1\" \/>\n<link rel=\"canonical\" href=\"https:\/\/echasseurs.org\/it\/privacy-policy\/\" \/>\n<meta property=\"og:locale\" content=\"it_IT\" \/>\n<meta property=\"og:type\" content=\"article\" \/>\n<meta property=\"og:title\" content=\"Privacy Policy - Les Echasseurs Namurois\" \/>\n<meta property=\"og:description\" content=\"Politique de gestion des donn\u00e9es du site www.echasseurs.org\" \/>\n<meta property=\"og:url\" content=\"https:\/\/echasseurs.org\/it\/privacy-policy\/\" \/>\n<meta property=\"og:site_name\" content=\"Les Echasseurs Namurois\" \/>\n<meta property=\"article:publisher\" content=\"https:\/\/www.facebook.com\/echasseurs\" \/>\n<meta property=\"article:modified_time\" content=\"2021-06-12T15:39:53+00:00\" \/>\n<meta property=\"og:image\" content=\"https:\/\/echasseurs.org\/wp-content\/uploads\/2020\/08\/Echasseurs-Joute-Namur-1-Skuds.jpg\" \/>\n\t<meta property=\"og:image:width\" content=\"2048\" \/>\n\t<meta property=\"og:image:height\" content=\"1367\" \/>\n\t<meta property=\"og:image:type\" content=\"image\/jpeg\" \/>\n<meta name=\"twitter:card\" content=\"summary_large_image\" \/>\n<meta name=\"twitter:site\" content=\"@EchasseursNamur\" \/>\n<meta name=\"twitter:label1\" content=\"Tempo di lettura stimato\" \/>\n\t<meta name=\"twitter:data1\" content=\"2 minuti\" \/>\n<script type=\"application\/ld+json\" class=\"yoast-schema-graph\">{\"@context\":\"https:\\\/\\\/schema.org\",\"@graph\":[{\"@type\":\"WebPage\",\"@id\":\"https:\\\/\\\/echasseurs.org\\\/it\\\/privacy-policy\\\/\",\"url\":\"https:\\\/\\\/echasseurs.org\\\/it\\\/privacy-policy\\\/\",\"name\":\"Privacy Policy - Les Echasseurs Namurois\",\"isPartOf\":{\"@id\":\"https:\\\/\\\/echasseurs.org\\\/it\\\/#website\"},\"datePublished\":\"2021-01-12T12:34:14+00:00\",\"dateModified\":\"2021-06-12T15:39:53+00:00\",\"description\":\"Politique de gestion des donn\u00e9es du site www.echasseurs.org\",\"breadcrumb\":{\"@id\":\"https:\\\/\\\/echasseurs.org\\\/it\\\/privacy-policy\\\/#breadcrumb\"},\"inLanguage\":\"it-IT\",\"potentialAction\":[{\"@type\":\"ReadAction\",\"target\":[\"https:\\\/\\\/echasseurs.org\\\/it\\\/privacy-policy\\\/\"]}]},{\"@type\":\"BreadcrumbList\",\"@id\":\"https:\\\/\\\/echasseurs.org\\\/it\\\/privacy-policy\\\/#breadcrumb\",\"itemListElement\":[{\"@type\":\"ListItem\",\"position\":1,\"name\":\"Home\",\"item\":\"https:\\\/\\\/echasseurs.org\\\/it\\\/\"},{\"@type\":\"ListItem\",\"position\":2,\"name\":\"Privacy Policy\"}]},{\"@type\":\"WebSite\",\"@id\":\"https:\\\/\\\/echasseurs.org\\\/it\\\/#website\",\"url\":\"https:\\\/\\\/echasseurs.org\\\/it\\\/\",\"name\":\"Les Echasseurs Namurois\",\"description\":\"Joute sur \u00e9chasses de Namur depuis 1411.\",\"publisher\":{\"@id\":\"https:\\\/\\\/echasseurs.org\\\/it\\\/#organization\"},\"potentialAction\":[{\"@type\":\"SearchAction\",\"target\":{\"@type\":\"EntryPoint\",\"urlTemplate\":\"https:\\\/\\\/echasseurs.org\\\/it\\\/?s={search_term_string}\"},\"query-input\":{\"@type\":\"PropertyValueSpecification\",\"valueRequired\":true,\"valueName\":\"search_term_string\"}}],\"inLanguage\":\"it-IT\"},{\"@type\":\"Organization\",\"@id\":\"https:\\\/\\\/echasseurs.org\\\/it\\\/#organization\",\"name\":\"Les Echasseurs Namurois\",\"url\":\"https:\\\/\\\/echasseurs.org\\\/it\\\/\",\"logo\":{\"@type\":\"ImageObject\",\"inLanguage\":\"it-IT\",\"@id\":\"https:\\\/\\\/echasseurs.org\\\/it\\\/#\\\/schema\\\/logo\\\/image\\\/\",\"url\":\"https:\\\/\\\/echasseurs.org\\\/wp-content\\\/uploads\\\/2020\\\/08\\\/favicon-1.png\",\"contentUrl\":\"https:\\\/\\\/echasseurs.org\\\/wp-content\\\/uploads\\\/2020\\\/08\\\/favicon-1.png\",\"width\":160,\"height\":160,\"caption\":\"Les Echasseurs Namurois\"},\"image\":{\"@id\":\"https:\\\/\\\/echasseurs.org\\\/it\\\/#\\\/schema\\\/logo\\\/image\\\/\"},\"sameAs\":[\"https:\\\/\\\/www.facebook.com\\\/echasseurs\",\"https:\\\/\\\/x.com\\\/EchasseursNamur\",\"https:\\\/\\\/www.instagram.com\\\/echasseurs\\\/\",\"https:\\\/\\\/www.pinterest.fr\\\/echasseurs\",\"https:\\\/\\\/www.youtube.com\\\/c\\\/EchasseursNamurois\\\/\",\"https:\\\/\\\/fr.wikipedia.org\\\/wiki\\\/\u00e9chasseurs_namurois\"]}]}<\/script>\n<!-- \/ Yoast SEO plugin. -->","yoast_head_json":{"title":"Privacy Policy - Les Echasseurs Namurois","description":"Politique de gestion des donn\u00e9es du site www.echasseurs.org","robots":{"index":"index","follow":"follow","max-snippet":"max-snippet:-1","max-image-preview":"max-image-preview:large","max-video-preview":"max-video-preview:-1"},"canonical":"https:\/\/echasseurs.org\/it\/privacy-policy\/","og_locale":"it_IT","og_type":"article","og_title":"Privacy Policy - Les Echasseurs Namurois","og_description":"Politique de gestion des donn\u00e9es du site www.echasseurs.org","og_url":"https:\/\/echasseurs.org\/it\/privacy-policy\/","og_site_name":"Les Echasseurs Namurois","article_publisher":"https:\/\/www.facebook.com\/echasseurs","article_modified_time":"2021-06-12T15:39:53+00:00","og_image":[{"width":2048,"height":1367,"url":"https:\/\/echasseurs.org\/wp-content\/uploads\/2020\/08\/Echasseurs-Joute-Namur-1-Skuds.jpg","type":"image\/jpeg"}],"twitter_card":"summary_large_image","twitter_site":"@EchasseursNamur","twitter_misc":{"Tempo di lettura stimato":"2 minuti"},"schema":{"@context":"https:\/\/schema.org","@graph":[{"@type":"WebPage","@id":"https:\/\/echasseurs.org\/it\/privacy-policy\/","url":"https:\/\/echasseurs.org\/it\/privacy-policy\/","name":"Privacy Policy - Les Echasseurs Namurois","isPartOf":{"@id":"https:\/\/echasseurs.org\/it\/#website"},"datePublished":"2021-01-12T12:34:14+00:00","dateModified":"2021-06-12T15:39:53+00:00","description":"Politique de gestion des donn\u00e9es du site www.echasseurs.org","breadcrumb":{"@id":"https:\/\/echasseurs.org\/it\/privacy-policy\/#breadcrumb"},"inLanguage":"it-IT","potentialAction":[{"@type":"ReadAction","target":["https:\/\/echasseurs.org\/it\/privacy-policy\/"]}]},{"@type":"BreadcrumbList","@id":"https:\/\/echasseurs.org\/it\/privacy-policy\/#breadcrumb","itemListElement":[{"@type":"ListItem","position":1,"name":"Home","item":"https:\/\/echasseurs.org\/it\/"},{"@type":"ListItem","position":2,"name":"Privacy Policy"}]},{"@type":"WebSite","@id":"https:\/\/echasseurs.org\/it\/#website","url":"https:\/\/echasseurs.org\/it\/","name":"Les Echasseurs Namurois","description":"Joute sur \u00e9chasses de Namur depuis 1411.","publisher":{"@id":"https:\/\/echasseurs.org\/it\/#organization"},"potentialAction":[{"@type":"SearchAction","target":{"@type":"EntryPoint","urlTemplate":"https:\/\/echasseurs.org\/it\/?s={search_term_string}"},"query-input":{"@type":"PropertyValueSpecification","valueRequired":true,"valueName":"search_term_string"}}],"inLanguage":"it-IT"},{"@type":"Organization","@id":"https:\/\/echasseurs.org\/it\/#organization","name":"Les Echasseurs Namurois","url":"https:\/\/echasseurs.org\/it\/","logo":{"@type":"ImageObject","inLanguage":"it-IT","@id":"https:\/\/echasseurs.org\/it\/#\/schema\/logo\/image\/","url":"https:\/\/echasseurs.org\/wp-content\/uploads\/2020\/08\/favicon-1.png","contentUrl":"https:\/\/echasseurs.org\/wp-content\/uploads\/2020\/08\/favicon-1.png","width":160,"height":160,"caption":"Les Echasseurs Namurois"},"image":{"@id":"https:\/\/echasseurs.org\/it\/#\/schema\/logo\/image\/"},"sameAs":["https:\/\/www.facebook.com\/echasseurs","https:\/\/x.com\/EchasseursNamur","https:\/\/www.instagram.com\/echasseurs\/","https:\/\/www.pinterest.fr\/echasseurs","https:\/\/www.youtube.com\/c\/EchasseursNamurois\/","https:\/\/fr.wikipedia.org\/wiki\/\u00e9chasseurs_namurois"]}]}},"_links":{"self":[{"href":"https:\/\/echasseurs.org\/it\/wp-json\/wp\/v2\/pages\/1549","targetHints":{"allow":["GET"]}}],"collection":[{"href":"https:\/\/echasseurs.org\/it\/wp-json\/wp\/v2\/pages"}],"about":[{"href":"https:\/\/echasseurs.org\/it\/wp-json\/wp\/v2\/types\/page"}],"author":[{"embeddable":true,"href":"https:\/\/echasseurs.org\/it\/wp-json\/wp\/v2\/users\/2"}],"replies":[{"embeddable":true,"href":"https:\/\/echasseurs.org\/it\/wp-json\/wp\/v2\/comments?post=1549"}],"version-history":[{"count":2,"href":"https:\/\/echasseurs.org\/it\/wp-json\/wp\/v2\/pages\/1549\/revisions"}],"predecessor-version":[{"id":3124,"href":"https:\/\/echasseurs.org\/it\/wp-json\/wp\/v2\/pages\/1549\/revisions\/3124"}],"wp:attachment":[{"href":"https:\/\/echasseurs.org\/it\/wp-json\/wp\/v2\/media?parent=1549"}],"curies":[{"name":"wp","href":"https:\/\/api.w.org\/{rel}","templated":true}]}}